{"id":4474,"date":"2018-09-16T16:49:51","date_gmt":"2018-09-16T14:49:51","guid":{"rendered":"https:\/\/naturkosmetik-rosenheim.com\/?page_id=4474"},"modified":"2026-01-10T14:46:16","modified_gmt":"2026-01-10T13:46:16","slug":"akne-behandlung","status":"publish","type":"page","link":"https:\/\/naturkosmetik-rosenheim.com\/?page_id=4474","title":{"rendered":"Akne &#8211; Was hilft mir?"},"content":{"rendered":"<p>[vc_row content_placement=&#8220;middle&#8220;][vc_column width=&#8220;1\/2&#8243;][vc_single_image image=&#8220;4477&#8243; img_size=&#8220;large&#8220;][\/vc_column][vc_column width=&#8220;1\/2&#8243;]<div class=\"mkdf-elements-holder   mkdf-one-column  mkdf-responsive-mode-768 \" ><div class=\"mkdf-eh-item    \"  data-item-class=\"mkdf-eh-custom-9710\">\n\t\t<div class=\"mkdf-eh-item-inner\">\n\t\t<div class=\"mkdf-eh-item-content mkdf-eh-custom-9710\" >\n\t\t\t<div class=\"mkdf-section-title-holder  mkdf-st-standard mkdf-st-title-left mkdf-st-normal-space \" style=\"text-align: center\">\n\t<div class=\"mkdf-st-inner\">\n\t\t\n\t\t\t\t\t<div class=\"mkdf-separator-holder clearfix\">\n\t\t\t\t<div class=\"mkdf-separator\"><\/div>\n\t\t\t<\/div>\n\t\t\t\t\t\t\t<h2 class=\"mkdf-st-title\" >\n\t\t\t\tAkne - Was hilft mir?\t\t\t<\/h2>\n\t\t\t\t\t<\/div>\n<\/div>[vc_column_text]<\/p>\n<h5><strong>ENDLICH SCH\u00d6NE, REINE HAUT!<\/strong><\/h5>\n<p>Die kl\u00e4renden und hautverw\u00f6hnende Produkte von Dr. Boos k\u00f6nnen dir helfen das Hautbild zu verfeinern und beschleunigt das Abheilen von Entz\u00fcndungen.<\/p>\n<p>Durch die spezielle Reinigung und eine &#8222;saure&#8220; Waschung wird die Haut gr\u00fcndlich ges\u00e4ubert, sodass <strong>Bakterien keine Chance<\/strong> mehr haben.<\/p>\n<p>Ganz wichtig ist hier eine konsequente Pflegeroutine:<\/p>\n<ul>\n<li>Reinigung mit der <strong>Reinigungsmilch<\/strong> oder <strong>Reinigungsschaum<\/strong><\/li>\n<li>Vitalisieren der Haut mit einer &#8222;sauren Waschung&#8220; mit dem <strong>Aqua Aceti<\/strong> f\u00fcr den nat\u00fcrlichen S\u00e4ureschutzmantel<\/li>\n<li>Durchblutungsf\u00f6rdernden Massage mit der <strong>Kr\u00e4uter-Spezial-Creme<\/strong> und anschlie\u00dfend ein Natur-Peeling (Handtuchrolle) dadurch werden die Poren ge\u00f6ffnet und abgestorbene Hautzellen sowie Talgpfropfen gel\u00f6st.<\/li>\n<li>Zum leichten abdecken f\u00fcr untertags die <strong>Tages-Schutz-Creme Puder\u00a0<\/strong><\/li>\n<\/ul>\n<p>Gerne kannst du mich auch f\u00fcr eine individuelle Beratung <a href=\"https:\/\/naturkosmetik-rosenheim.com\/kontakt\/\">kontaktieren!<\/a>[\/vc_column_text]\t\t<\/div>\n\t<\/div>\n<\/div><\/div>[\/vc_column][\/vc_row][vc_row][vc_column][vc_column_text]<\/p>\n<p>[\/vc_column_text][\/vc_column][\/vc_row]<\/p>\n","protected":false},"excerpt":{"rendered":"<p>[vc_row content_placement=&#8220;middle&#8220;][vc_column width=&#8220;1\/2&#8243;][vc_single_image image=&#8220;4477&#8243; img_size=&#8220;large&#8220;][\/vc_column][vc_column width=&#8220;1\/2&#8243;][\/vc_column][\/vc_row][vc_row][vc_column][vc_column_text] [\/vc_column_text][\/vc_column][\/vc_row]<\/p>\n","protected":false},"author":1,"featured_media":0,"parent":0,"menu_order":0,"comment_status":"closed","ping_status":"closed","template":"","meta":{"footnotes":""},"yoast_head":"<!-- This site is optimized with the Yoast SEO plugin v22.4 - https:\/\/yoast.com\/wordpress\/plugins\/seo\/ -->\n<title>Akne - Was hilft mir? - Naturkosmetik Rosenheim<\/title>\n<meta name=\"robots\" content=\"index, follow, max-snippet:-1, max-image-preview:large, max-video-preview:-1\" \/>\n<link rel=\"canonical\" href=\"https:\/\/naturkosmetik-rosenheim.com\/?page_id=4474\" \/>\n<meta property=\"og:locale\" content=\"de_DE\" \/>\n<meta property=\"og:type\" content=\"article\" \/>\n<meta property=\"og:title\" content=\"Akne - Was hilft mir? - Naturkosmetik Rosenheim\" \/>\n<meta property=\"og:description\" content=\"[vc_row content_placement=&#8220;middle&#8220;][vc_column width=&#8220;1\/2&#8243;][vc_single_image image=&#8220;4477&#8243; img_size=&#8220;large&#8220;][\/vc_column][vc_column width=&#8220;1\/2&#8243;][\/vc_column][\/vc_row][vc_row][vc_column][vc_column_text] [\/vc_column_text][\/vc_column][\/vc_row]\" \/>\n<meta property=\"og:url\" content=\"https:\/\/naturkosmetik-rosenheim.com\/?page_id=4474\" \/>\n<meta property=\"og:site_name\" content=\"Naturkosmetik Rosenheim\" \/>\n<meta property=\"article:publisher\" content=\"https:\/\/www.facebook.com\/NaturkosmetikRosenheim\/\" \/>\n<meta property=\"article:modified_time\" content=\"2026-01-10T13:46:16+00:00\" \/>\n<meta name=\"twitter:card\" content=\"summary_large_image\" \/>\n<meta name=\"twitter:label1\" content=\"Gesch\u00e4tzte Lesezeit\" \/>\n\t<meta name=\"twitter:data1\" content=\"1\u00a0Minute\" \/>\n<script type=\"application\/ld+json\" class=\"yoast-schema-graph\">{\"@context\":\"https:\/\/schema.org\",\"@graph\":[{\"@type\":\"WebPage\",\"@id\":\"https:\/\/naturkosmetik-rosenheim.com\/?page_id=4474\",\"url\":\"https:\/\/naturkosmetik-rosenheim.com\/?page_id=4474\",\"name\":\"Akne - Was hilft mir? - Naturkosmetik Rosenheim\",\"isPartOf\":{\"@id\":\"https:\/\/naturkosmetik-rosenheim.com\/#website\"},\"datePublished\":\"2018-09-16T14:49:51+00:00\",\"dateModified\":\"2026-01-10T13:46:16+00:00\",\"breadcrumb\":{\"@id\":\"https:\/\/naturkosmetik-rosenheim.com\/?page_id=4474#breadcrumb\"},\"inLanguage\":\"de\",\"potentialAction\":[{\"@type\":\"ReadAction\",\"target\":[\"https:\/\/naturkosmetik-rosenheim.com\/?page_id=4474\"]}]},{\"@type\":\"BreadcrumbList\",\"@id\":\"https:\/\/naturkosmetik-rosenheim.com\/?page_id=4474#breadcrumb\",\"itemListElement\":[{\"@type\":\"ListItem\",\"position\":1,\"name\":\"Home\",\"item\":\"https:\/\/naturkosmetik-rosenheim.com\/\"},{\"@type\":\"ListItem\",\"position\":2,\"name\":\"Akne &#8211; Was hilft mir?\"}]},{\"@type\":\"WebSite\",\"@id\":\"https:\/\/naturkosmetik-rosenheim.com\/#website\",\"url\":\"https:\/\/naturkosmetik-rosenheim.com\/\",\"name\":\"Naturkosmetik Rosenheim\",\"description\":\"nat\u00fcrlich, gesund, sch\u00f6n\",\"publisher\":{\"@id\":\"https:\/\/naturkosmetik-rosenheim.com\/#organization\"},\"potentialAction\":[{\"@type\":\"SearchAction\",\"target\":{\"@type\":\"EntryPoint\",\"urlTemplate\":\"https:\/\/naturkosmetik-rosenheim.com\/?s={search_term_string}\"},\"query-input\":\"required name=search_term_string\"}],\"inLanguage\":\"de\"},{\"@type\":\"Organization\",\"@id\":\"https:\/\/naturkosmetik-rosenheim.com\/#organization\",\"name\":\"Naturkosmetik Rosenheim\",\"url\":\"https:\/\/naturkosmetik-rosenheim.com\/\",\"logo\":{\"@type\":\"ImageObject\",\"inLanguage\":\"de\",\"@id\":\"https:\/\/naturkosmetik-rosenheim.com\/#\/schema\/logo\/image\/\",\"url\":\"https:\/\/naturkosmetik-rosenheim.com\/wp-content\/uploads\/2017\/09\/nk-ro-logo.png\",\"contentUrl\":\"https:\/\/naturkosmetik-rosenheim.com\/wp-content\/uploads\/2017\/09\/nk-ro-logo.png\",\"width\":500,\"height\":505,\"caption\":\"Naturkosmetik Rosenheim\"},\"image\":{\"@id\":\"https:\/\/naturkosmetik-rosenheim.com\/#\/schema\/logo\/image\/\"},\"sameAs\":[\"https:\/\/www.facebook.com\/NaturkosmetikRosenheim\/\",\"https:\/\/www.instagram.com\/naturkosmetikrosenheim\/\"]}]}<\/script>\n<!-- \/ Yoast SEO plugin. -->","yoast_head_json":{"title":"Akne - Was hilft mir? - Naturkosmetik Rosenheim","robots":{"index":"index","follow":"follow","max-snippet":"max-snippet:-1","max-image-preview":"max-image-preview:large","max-video-preview":"max-video-preview:-1"},"canonical":"https:\/\/naturkosmetik-rosenheim.com\/?page_id=4474","og_locale":"de_DE","og_type":"article","og_title":"Akne - Was hilft mir? - Naturkosmetik Rosenheim","og_description":"[vc_row content_placement=&#8220;middle&#8220;][vc_column width=&#8220;1\/2&#8243;][vc_single_image image=&#8220;4477&#8243; img_size=&#8220;large&#8220;][\/vc_column][vc_column width=&#8220;1\/2&#8243;][\/vc_column][\/vc_row][vc_row][vc_column][vc_column_text] [\/vc_column_text][\/vc_column][\/vc_row]","og_url":"https:\/\/naturkosmetik-rosenheim.com\/?page_id=4474","og_site_name":"Naturkosmetik Rosenheim","article_publisher":"https:\/\/www.facebook.com\/NaturkosmetikRosenheim\/","article_modified_time":"2026-01-10T13:46:16+00:00","twitter_card":"summary_large_image","twitter_misc":{"Gesch\u00e4tzte Lesezeit":"1\u00a0Minute"},"schema":{"@context":"https:\/\/schema.org","@graph":[{"@type":"WebPage","@id":"https:\/\/naturkosmetik-rosenheim.com\/?page_id=4474","url":"https:\/\/naturkosmetik-rosenheim.com\/?page_id=4474","name":"Akne - Was hilft mir? - Naturkosmetik Rosenheim","isPartOf":{"@id":"https:\/\/naturkosmetik-rosenheim.com\/#website"},"datePublished":"2018-09-16T14:49:51+00:00","dateModified":"2026-01-10T13:46:16+00:00","breadcrumb":{"@id":"https:\/\/naturkosmetik-rosenheim.com\/?page_id=4474#breadcrumb"},"inLanguage":"de","potentialAction":[{"@type":"ReadAction","target":["https:\/\/naturkosmetik-rosenheim.com\/?page_id=4474"]}]},{"@type":"BreadcrumbList","@id":"https:\/\/naturkosmetik-rosenheim.com\/?page_id=4474#breadcrumb","itemListElement":[{"@type":"ListItem","position":1,"name":"Home","item":"https:\/\/naturkosmetik-rosenheim.com\/"},{"@type":"ListItem","position":2,"name":"Akne &#8211; Was hilft mir?"}]},{"@type":"WebSite","@id":"https:\/\/naturkosmetik-rosenheim.com\/#website","url":"https:\/\/naturkosmetik-rosenheim.com\/","name":"Naturkosmetik Rosenheim","description":"nat\u00fcrlich, gesund, sch\u00f6n","publisher":{"@id":"https:\/\/naturkosmetik-rosenheim.com\/#organization"},"potentialAction":[{"@type":"SearchAction","target":{"@type":"EntryPoint","urlTemplate":"https:\/\/naturkosmetik-rosenheim.com\/?s={search_term_string}"},"query-input":"required name=search_term_string"}],"inLanguage":"de"},{"@type":"Organization","@id":"https:\/\/naturkosmetik-rosenheim.com\/#organization","name":"Naturkosmetik Rosenheim","url":"https:\/\/naturkosmetik-rosenheim.com\/","logo":{"@type":"ImageObject","inLanguage":"de","@id":"https:\/\/naturkosmetik-rosenheim.com\/#\/schema\/logo\/image\/","url":"https:\/\/naturkosmetik-rosenheim.com\/wp-content\/uploads\/2017\/09\/nk-ro-logo.png","contentUrl":"https:\/\/naturkosmetik-rosenheim.com\/wp-content\/uploads\/2017\/09\/nk-ro-logo.png","width":500,"height":505,"caption":"Naturkosmetik Rosenheim"},"image":{"@id":"https:\/\/naturkosmetik-rosenheim.com\/#\/schema\/logo\/image\/"},"sameAs":["https:\/\/www.facebook.com\/NaturkosmetikRosenheim\/","https:\/\/www.instagram.com\/naturkosmetikrosenheim\/"]}]}},"_links":{"self":[{"href":"https:\/\/naturkosmetik-rosenheim.com\/index.php?rest_route=\/wp\/v2\/pages\/4474"}],"collection":[{"href":"https:\/\/naturkosmetik-rosenheim.com\/index.php?rest_route=\/wp\/v2\/pages"}],"about":[{"href":"https:\/\/naturkosmetik-rosenheim.com\/index.php?rest_route=\/wp\/v2\/types\/page"}],"author":[{"embeddable":true,"href":"https:\/\/naturkosmetik-rosenheim.com\/index.php?rest_route=\/wp\/v2\/users\/1"}],"replies":[{"embeddable":true,"href":"https:\/\/naturkosmetik-rosenheim.com\/index.php?rest_route=%2Fwp%2Fv2%2Fcomments&post=4474"}],"version-history":[{"count":30,"href":"https:\/\/naturkosmetik-rosenheim.com\/index.php?rest_route=\/wp\/v2\/pages\/4474\/revisions"}],"predecessor-version":[{"id":11307,"href":"https:\/\/naturkosmetik-rosenheim.com\/index.php?rest_route=\/wp\/v2\/pages\/4474\/revisions\/11307"}],"wp:attachment":[{"href":"https:\/\/naturkosmetik-rosenheim.com\/index.php?rest_route=%2Fwp%2Fv2%2Fmedia&parent=4474"}],"curies":[{"name":"wp","href":"https:\/\/api.w.org\/{rel}","templated":true}]}}