{"id":4039,"date":"2018-04-29T12:27:55","date_gmt":"2018-04-29T10:27:55","guid":{"rendered":"http:\/\/naturkosmetik-rosenheim.com\/?page_id=4039"},"modified":"2026-01-10T14:51:29","modified_gmt":"2026-01-10T13:51:29","slug":"geschenke","status":"publish","type":"page","link":"https:\/\/naturkosmetik-rosenheim.com\/?page_id=4039","title":{"rendered":"Geschenke"},"content":{"rendered":"<p>[vc_row css=&#8220;.vc_custom_1524999301390{padding-bottom: 5% !important;}&#8220;][vc_column width=&#8220;1\/2&#8243;][vc_single_image image=&#8220;4046&#8243; img_size=&#8220;large&#8220; css=&#8220;.vc_custom_1524999372220{padding-bottom: 3% !important;}&#8220;][\/vc_column][vc_column width=&#8220;1\/2&#8243;][vc_column_text]<\/p>\n<h5 style=\"text-align: center;\"><strong>Produkte<br \/>\n<\/strong><\/h5>\n<p>Die hochwertigen reinen Naturkosmetik Produkte der Firma <strong>Dr. Barbara Boos<\/strong>\u00a0aus M\u00fcnchen pflegen im Sinne der Natur und helfen der Haut den nat\u00fcrlichen Schutzmantel aufzubauen und verleihen ihr ein lebendig frisches Aussehen.<\/p>\n<p>Mein Sortiment umfasst:<\/p>\n<ul>\n<li>Gesichtspflegeprodukte<\/li>\n<li>Schminkprodukte<\/li>\n<li>Hautpflegeprodukte<\/li>\n<li>Sonnencremes und Sonnen\u00f6le<\/li>\n<li>K\u00f6rperpeelings<\/li>\n<li>und vieles mehr&#8230;.<\/li>\n<\/ul>\n<p>Gerne kannst Du nach Vereinbarung bei mir vorbei kommen und mein Sortiment betrachten und Dich von mir beraten lassen.<\/p>\n<p>Sende mir jetzt einfach eine Nachricht \u00fcber das Kontaktformular oder rufe mich unter <strong>0175\u00a0 -74 17 669<\/strong>\u00a0an.<\/p>\n<p><a itemprop=\"url\" href=\"\/kontakt\/\" target=\"_self\"  class=\"mkdf-btn mkdf-btn-medium mkdf-btn-solid\"  >\n    <span class=\"mkdf-btn-text\">Kontaktformular<\/span>\n    <i class=\"mkdf-icon-font-awesome fa  \" ><\/i>\t<\/a>[\/vc_column_text][\/vc_column][\/vc_row][vc_row css=&#8220;.vc_custom_1524999295538{padding-bottom: 5% !important;}&#8220;][vc_column width=&#8220;1\/2&#8243; css=&#8220;.vc_custom_1524999367306{padding-bottom: 3% !important;}&#8220;][vc_single_image image=&#8220;4049&#8243; img_size=&#8220;large&#8220;][\/vc_column][vc_column width=&#8220;1\/2&#8243;][vc_column_text]<\/p>\n<h5 style=\"text-align: center;\"><strong>Schmuck<br \/>\n<\/strong><\/h5>\n<p>Neben den klassischen Kosmetikprodukten biete ich auch ausgew\u00e4hlten Schmuck von MeiFesch Schmuckst\u00fccke aus Riedering an. Alle Schmuckst\u00fccke sind handgemacht.<\/p>\n<p>Das Sortiment umfasst:<\/p>\n<ul>\n<li>Armketten<\/li>\n<li>Halskette<\/li>\n<li>Ringe<\/li>\n<li>Ohrringe<\/li>\n<\/ul>\n<p>Solltest du einen Wunsch f\u00fcr ein ganz pers\u00f6nliches Schmuckst\u00fcck haben, kannst du dich gerne an mich (<strong>0175 &#8211; 74 17 669<\/strong>) oder direkt an Magdalena<a href=\"https:\/\/www.meifesch.de\/\"><strong> https:\/\/www.meifesch.de\/<\/strong><\/a> wenden.<\/p>\n<p><a itemprop=\"url\" href=\"\/kontakt\/\" target=\"_self\"  class=\"mkdf-btn mkdf-btn-medium mkdf-btn-solid\"  >\n    <span class=\"mkdf-btn-text\">Kontaktformular<\/span>\n    <i class=\"mkdf-icon-font-awesome fa  \" ><\/i>\t<\/a>[\/vc_column_text][\/vc_column][\/vc_row]<\/p>\n","protected":false},"excerpt":{"rendered":"<p>[vc_row css=&#8220;.vc_custom_1524999301390{padding-bottom: 5% !important;}&#8220;][vc_column width=&#8220;1\/2&#8243;][vc_single_image image=&#8220;4046&#8243; img_size=&#8220;large&#8220; css=&#8220;.vc_custom_1524999372220{padding-bottom: 3% !important;}&#8220;][\/vc_column][vc_column width=&#8220;1\/2&#8243;][vc_column_text] Produkte Die hochwertigen reinen Naturkosmetik Produkte der Firma Dr. Barbara Boos\u00a0aus M\u00fcnchen pflegen im Sinne der Natur und helfen der Haut den nat\u00fcrlichen Schutzmantel aufzubauen und verleihen ihr ein [&hellip;]<\/p>\n","protected":false},"author":1,"featured_media":0,"parent":0,"menu_order":0,"comment_status":"closed","ping_status":"closed","template":"","meta":{"footnotes":""},"yoast_head":"<!-- This site is optimized with the Yoast SEO plugin v22.4 - https:\/\/yoast.com\/wordpress\/plugins\/seo\/ -->\n<title>Geschenke - Naturkosmetik Rosenheim<\/title>\n<meta name=\"description\" content=\"Bei mir kannst Du Gutscheine f\u00fcr jeden Anlass kaufen. Du kannst dabei frei w\u00e4hlen, ob Du gerne einen Wertgutschein \u00fcber eine bestimmte Summe m\u00f6chtest, oder ob Du lieber einen Gutschein f\u00fcr eine Behandlung verschenkst.\" \/>\n<meta name=\"robots\" content=\"index, follow, max-snippet:-1, max-image-preview:large, max-video-preview:-1\" \/>\n<link rel=\"canonical\" href=\"https:\/\/naturkosmetik-rosenheim.com\/?page_id=4039\" \/>\n<meta property=\"og:locale\" content=\"de_DE\" \/>\n<meta property=\"og:type\" content=\"article\" \/>\n<meta property=\"og:title\" content=\"Geschenke - Naturkosmetik Rosenheim\" \/>\n<meta property=\"og:description\" content=\"Bei mir kannst Du Gutscheine f\u00fcr jeden Anlass kaufen. Du kannst dabei frei w\u00e4hlen, ob Du gerne einen Wertgutschein \u00fcber eine bestimmte Summe m\u00f6chtest, oder ob Du lieber einen Gutschein f\u00fcr eine Behandlung verschenkst.\" \/>\n<meta property=\"og:url\" content=\"https:\/\/naturkosmetik-rosenheim.com\/?page_id=4039\" \/>\n<meta property=\"og:site_name\" content=\"Naturkosmetik Rosenheim\" \/>\n<meta property=\"article:publisher\" content=\"https:\/\/www.facebook.com\/NaturkosmetikRosenheim\/\" \/>\n<meta property=\"article:modified_time\" content=\"2026-01-10T13:51:29+00:00\" \/>\n<meta name=\"twitter:card\" content=\"summary_large_image\" \/>\n<meta name=\"twitter:label1\" content=\"Gesch\u00e4tzte Lesezeit\" \/>\n\t<meta name=\"twitter:data1\" content=\"2\u00a0Minuten\" \/>\n<script type=\"application\/ld+json\" class=\"yoast-schema-graph\">{\"@context\":\"https:\/\/schema.org\",\"@graph\":[{\"@type\":\"WebPage\",\"@id\":\"https:\/\/naturkosmetik-rosenheim.com\/?page_id=4039\",\"url\":\"https:\/\/naturkosmetik-rosenheim.com\/?page_id=4039\",\"name\":\"Geschenke - Naturkosmetik Rosenheim\",\"isPartOf\":{\"@id\":\"https:\/\/naturkosmetik-rosenheim.com\/#website\"},\"datePublished\":\"2018-04-29T10:27:55+00:00\",\"dateModified\":\"2026-01-10T13:51:29+00:00\",\"description\":\"Bei mir kannst Du Gutscheine f\u00fcr jeden Anlass kaufen. Du kannst dabei frei w\u00e4hlen, ob Du gerne einen Wertgutschein \u00fcber eine bestimmte Summe m\u00f6chtest, oder ob Du lieber einen Gutschein f\u00fcr eine Behandlung verschenkst.\",\"breadcrumb\":{\"@id\":\"https:\/\/naturkosmetik-rosenheim.com\/?page_id=4039#breadcrumb\"},\"inLanguage\":\"de\",\"potentialAction\":[{\"@type\":\"ReadAction\",\"target\":[\"https:\/\/naturkosmetik-rosenheim.com\/?page_id=4039\"]}]},{\"@type\":\"BreadcrumbList\",\"@id\":\"https:\/\/naturkosmetik-rosenheim.com\/?page_id=4039#breadcrumb\",\"itemListElement\":[{\"@type\":\"ListItem\",\"position\":1,\"name\":\"Home\",\"item\":\"https:\/\/naturkosmetik-rosenheim.com\/\"},{\"@type\":\"ListItem\",\"position\":2,\"name\":\"Geschenke\"}]},{\"@type\":\"WebSite\",\"@id\":\"https:\/\/naturkosmetik-rosenheim.com\/#website\",\"url\":\"https:\/\/naturkosmetik-rosenheim.com\/\",\"name\":\"Naturkosmetik Rosenheim\",\"description\":\"nat\u00fcrlich, gesund, sch\u00f6n\",\"publisher\":{\"@id\":\"https:\/\/naturkosmetik-rosenheim.com\/#organization\"},\"potentialAction\":[{\"@type\":\"SearchAction\",\"target\":{\"@type\":\"EntryPoint\",\"urlTemplate\":\"https:\/\/naturkosmetik-rosenheim.com\/?s={search_term_string}\"},\"query-input\":\"required name=search_term_string\"}],\"inLanguage\":\"de\"},{\"@type\":\"Organization\",\"@id\":\"https:\/\/naturkosmetik-rosenheim.com\/#organization\",\"name\":\"Naturkosmetik Rosenheim\",\"url\":\"https:\/\/naturkosmetik-rosenheim.com\/\",\"logo\":{\"@type\":\"ImageObject\",\"inLanguage\":\"de\",\"@id\":\"https:\/\/naturkosmetik-rosenheim.com\/#\/schema\/logo\/image\/\",\"url\":\"https:\/\/naturkosmetik-rosenheim.com\/wp-content\/uploads\/2017\/09\/nk-ro-logo.png\",\"contentUrl\":\"https:\/\/naturkosmetik-rosenheim.com\/wp-content\/uploads\/2017\/09\/nk-ro-logo.png\",\"width\":500,\"height\":505,\"caption\":\"Naturkosmetik Rosenheim\"},\"image\":{\"@id\":\"https:\/\/naturkosmetik-rosenheim.com\/#\/schema\/logo\/image\/\"},\"sameAs\":[\"https:\/\/www.facebook.com\/NaturkosmetikRosenheim\/\",\"https:\/\/www.instagram.com\/naturkosmetikrosenheim\/\"]}]}<\/script>\n<!-- \/ Yoast SEO plugin. -->","yoast_head_json":{"title":"Geschenke - Naturkosmetik Rosenheim","description":"Bei mir kannst Du Gutscheine f\u00fcr jeden Anlass kaufen. Du kannst dabei frei w\u00e4hlen, ob Du gerne einen Wertgutschein \u00fcber eine bestimmte Summe m\u00f6chtest, oder ob Du lieber einen Gutschein f\u00fcr eine Behandlung verschenkst.","robots":{"index":"index","follow":"follow","max-snippet":"max-snippet:-1","max-image-preview":"max-image-preview:large","max-video-preview":"max-video-preview:-1"},"canonical":"https:\/\/naturkosmetik-rosenheim.com\/?page_id=4039","og_locale":"de_DE","og_type":"article","og_title":"Geschenke - Naturkosmetik Rosenheim","og_description":"Bei mir kannst Du Gutscheine f\u00fcr jeden Anlass kaufen. Du kannst dabei frei w\u00e4hlen, ob Du gerne einen Wertgutschein \u00fcber eine bestimmte Summe m\u00f6chtest, oder ob Du lieber einen Gutschein f\u00fcr eine Behandlung verschenkst.","og_url":"https:\/\/naturkosmetik-rosenheim.com\/?page_id=4039","og_site_name":"Naturkosmetik Rosenheim","article_publisher":"https:\/\/www.facebook.com\/NaturkosmetikRosenheim\/","article_modified_time":"2026-01-10T13:51:29+00:00","twitter_card":"summary_large_image","twitter_misc":{"Gesch\u00e4tzte Lesezeit":"2\u00a0Minuten"},"schema":{"@context":"https:\/\/schema.org","@graph":[{"@type":"WebPage","@id":"https:\/\/naturkosmetik-rosenheim.com\/?page_id=4039","url":"https:\/\/naturkosmetik-rosenheim.com\/?page_id=4039","name":"Geschenke - Naturkosmetik Rosenheim","isPartOf":{"@id":"https:\/\/naturkosmetik-rosenheim.com\/#website"},"datePublished":"2018-04-29T10:27:55+00:00","dateModified":"2026-01-10T13:51:29+00:00","description":"Bei mir kannst Du Gutscheine f\u00fcr jeden Anlass kaufen. Du kannst dabei frei w\u00e4hlen, ob Du gerne einen Wertgutschein \u00fcber eine bestimmte Summe m\u00f6chtest, oder ob Du lieber einen Gutschein f\u00fcr eine Behandlung verschenkst.","breadcrumb":{"@id":"https:\/\/naturkosmetik-rosenheim.com\/?page_id=4039#breadcrumb"},"inLanguage":"de","potentialAction":[{"@type":"ReadAction","target":["https:\/\/naturkosmetik-rosenheim.com\/?page_id=4039"]}]},{"@type":"BreadcrumbList","@id":"https:\/\/naturkosmetik-rosenheim.com\/?page_id=4039#breadcrumb","itemListElement":[{"@type":"ListItem","position":1,"name":"Home","item":"https:\/\/naturkosmetik-rosenheim.com\/"},{"@type":"ListItem","position":2,"name":"Geschenke"}]},{"@type":"WebSite","@id":"https:\/\/naturkosmetik-rosenheim.com\/#website","url":"https:\/\/naturkosmetik-rosenheim.com\/","name":"Naturkosmetik Rosenheim","description":"nat\u00fcrlich, gesund, sch\u00f6n","publisher":{"@id":"https:\/\/naturkosmetik-rosenheim.com\/#organization"},"potentialAction":[{"@type":"SearchAction","target":{"@type":"EntryPoint","urlTemplate":"https:\/\/naturkosmetik-rosenheim.com\/?s={search_term_string}"},"query-input":"required name=search_term_string"}],"inLanguage":"de"},{"@type":"Organization","@id":"https:\/\/naturkosmetik-rosenheim.com\/#organization","name":"Naturkosmetik Rosenheim","url":"https:\/\/naturkosmetik-rosenheim.com\/","logo":{"@type":"ImageObject","inLanguage":"de","@id":"https:\/\/naturkosmetik-rosenheim.com\/#\/schema\/logo\/image\/","url":"https:\/\/naturkosmetik-rosenheim.com\/wp-content\/uploads\/2017\/09\/nk-ro-logo.png","contentUrl":"https:\/\/naturkosmetik-rosenheim.com\/wp-content\/uploads\/2017\/09\/nk-ro-logo.png","width":500,"height":505,"caption":"Naturkosmetik Rosenheim"},"image":{"@id":"https:\/\/naturkosmetik-rosenheim.com\/#\/schema\/logo\/image\/"},"sameAs":["https:\/\/www.facebook.com\/NaturkosmetikRosenheim\/","https:\/\/www.instagram.com\/naturkosmetikrosenheim\/"]}]}},"_links":{"self":[{"href":"https:\/\/naturkosmetik-rosenheim.com\/index.php?rest_route=\/wp\/v2\/pages\/4039"}],"collection":[{"href":"https:\/\/naturkosmetik-rosenheim.com\/index.php?rest_route=\/wp\/v2\/pages"}],"about":[{"href":"https:\/\/naturkosmetik-rosenheim.com\/index.php?rest_route=\/wp\/v2\/types\/page"}],"author":[{"embeddable":true,"href":"https:\/\/naturkosmetik-rosenheim.com\/index.php?rest_route=\/wp\/v2\/users\/1"}],"replies":[{"embeddable":true,"href":"https:\/\/naturkosmetik-rosenheim.com\/index.php?rest_route=%2Fwp%2Fv2%2Fcomments&post=4039"}],"version-history":[{"count":20,"href":"https:\/\/naturkosmetik-rosenheim.com\/index.php?rest_route=\/wp\/v2\/pages\/4039\/revisions"}],"predecessor-version":[{"id":11308,"href":"https:\/\/naturkosmetik-rosenheim.com\/index.php?rest_route=\/wp\/v2\/pages\/4039\/revisions\/11308"}],"wp:attachment":[{"href":"https:\/\/naturkosmetik-rosenheim.com\/index.php?rest_route=%2Fwp%2Fv2%2Fmedia&parent=4039"}],"curies":[{"name":"wp","href":"https:\/\/api.w.org\/{rel}","templated":true}]}}