{"id":3210,"date":"2017-12-22T13:46:33","date_gmt":"2017-12-22T12:46:33","guid":{"rendered":"http:\/\/naturkosmetik-rosenheim.com\/?page_id=3210"},"modified":"2026-01-17T11:48:04","modified_gmt":"2026-01-17T10:48:04","slug":"naturkosmetik","status":"publish","type":"page","link":"https:\/\/naturkosmetik-rosenheim.com\/?page_id=3210","title":{"rendered":"Naturkosmetik"},"content":{"rendered":"<p>[vc_row css=&#8220;.vc_custom_1514287700942{padding-top: 3% !important;padding-right: 5% !important;padding-bottom: 3% !important;padding-left: 5% !important;}&#8220;][vc_column width=&#8220;1\/2&#8243;]<div class=\"mkdf-elements-holder   mkdf-one-column  mkdf-responsive-mode-768 \" ><div class=\"mkdf-eh-item    \"  data-item-class=\"mkdf-eh-custom-8527\">\n\t\t<div class=\"mkdf-eh-item-inner\">\n\t\t<div class=\"mkdf-eh-item-content mkdf-eh-custom-8527\" >\n\t\t\t<div class=\"mkdf-section-title-holder  mkdf-st-standard mkdf-st-title-left mkdf-st-normal-space \" style=\"text-align: center\">\n\t<div class=\"mkdf-st-inner\">\n\t\t\n\t\t\t\t\t\t\t<h2 class=\"mkdf-st-title\" >\n\t\t\t\t\u00dcber Naturkosmetik\t\t\t<\/h2>\n\t\t\t\t\t<\/div>\n<\/div>[vc_column_text]Naturkosmetik ist nicht nur ein Trend sondern eine Lebenseinstellung. Der Weg zur\u00fcck zum Ursprung um der Haut das zu geben was sie wirklich braucht.<\/p>\n<p>Die Kr\u00e4fte der Natur schenken uns Wohlbefinden und Heilung und bringen unsere Haut in ihr nat\u00fcrliches Gleichgewicht. Es werden keine unn\u00f6tigen Ger\u00e4te ben\u00f6tigt um uns das zu geben was wir wirklich brauchen.<\/p>\n<p>Die hochwertigen, reinen Naturkosmetik Produkte der Firma Dr. Barbara Boos pflegen im Sinne der Natur und helfen der Haut den nat\u00fcrlichen Schutzmantel aufzubauen. Die nat\u00fcrlichen Rohstoffe geben der Haut ein lebendig frisches Aussehen.[\/vc_column_text]\t\t<\/div>\n\t<\/div>\n<\/div><\/div>[\/vc_column][vc_column width=&#8220;1\/2&#8243;][vc_single_image image=&#8220;3243&#8243; img_size=&#8220;full&#8220; css_animation=&#8220;fadeInRight&#8220;][\/vc_column][\/vc_row][vc_row css=&#8220;.vc_custom_1514398319772{padding-bottom: 3% !important;}&#8220; el_id=&#8220;5gruende&#8220;][vc_column]<div class=\"mkdf-elements-holder   mkdf-one-column  mkdf-responsive-mode-768 \" ><div class=\"mkdf-eh-item    \"  data-item-class=\"mkdf-eh-custom-3570\">\n\t\t<div class=\"mkdf-eh-item-inner\">\n\t\t<div class=\"mkdf-eh-item-content mkdf-eh-custom-3570\" >\n\t\t\t<div class=\"mkdf-section-title-holder  mkdf-st-standard mkdf-st-title-left mkdf-st-normal-space \" style=\"text-align: center\">\n\t<div class=\"mkdf-st-inner\">\n\t\t<img loading=\"lazy\" decoding=\"async\" width=\"60\" height=\"50\" src=\"https:\/\/naturkosmetik-rosenheim.com\/wp-content\/uploads\/2017\/11\/h1-custom-icon-4.png\" class=\"attachment-full size-full\" alt=\"Piktogramm\" \/>\n\t\t\t\t\t<div class=\"mkdf-separator-holder clearfix\">\n\t\t\t\t<div class=\"mkdf-separator\"><\/div>\n\t\t\t<\/div>\n\t\t\t\t\t\t\t<h2 class=\"mkdf-st-title\" >\n\t\t\t\t5 Gr\u00fcnde f\u00fcr Naturkosmetik\t\t\t<\/h2>\n\t\t\t\t\t<\/div>\n<\/div>\t\t<\/div>\n\t<\/div>\n<\/div><\/div>[\/vc_column][\/vc_row][vc_row][vc_column]<div class=\"mkdf-process-holder \">\n\t<div class=\"mkdf-process-inner\">\n\t\t<div class=\"mkdf-process-item \" >\n    <div class=\"mkdf-mark-horizontal-holder\">\n        <div class=\"mkdf-process-mark\">\n            <div class=\"mkdf-process-line\"><\/div>\n            <div class=\"mkdf-process-circle\">1<\/div>\n        <\/div>\n    <\/div>\n\t<div class=\"mkdf-pi-content\">\n\t\t\t\t\t<h3 class=\"mkdf-pi-title\" >Frei von Mineral\u00f6len<\/h3>\n\t\t\t\t\t\t\t<p class=\"mkdf-pi-text\" >Paraffine, Vaseline, Silikone sind alles Bezeichnungen f\u00fcr Erd\u00f6l Bestandteile in herk\u00f6mmlichen Kosmetikprodukten. Diese werden \u00fcber die Haut in den K\u00f6rper aufgenommen und nicht abgebaut. Naturkosmetik verzichtet komplett auf synthetische Zus\u00e4tze und setzt stattdessen auf pflanzliche \u00d6le. <\/p>\n\t\t\t<\/div>\n<\/div><div class=\"mkdf-process-item \" >\n    <div class=\"mkdf-mark-horizontal-holder\">\n        <div class=\"mkdf-process-mark\">\n            <div class=\"mkdf-process-line\"><\/div>\n            <div class=\"mkdf-process-circle\">2<\/div>\n        <\/div>\n    <\/div>\n\t<div class=\"mkdf-pi-content\">\n\t\t\t\t\t<h3 class=\"mkdf-pi-title\" >Tierschutz<\/h3>\n\t\t\t\t\t\t\t<p class=\"mkdf-pi-text\" >Bei Naturkosmetik werden keine Tierversuche durchgef\u00fchrt sowie keine Rohstoffe von toten Wirbeltieren verwendet.<\/p>\n\t\t\t<\/div>\n<\/div><div class=\"mkdf-process-item \" >\n    <div class=\"mkdf-mark-horizontal-holder\">\n        <div class=\"mkdf-process-mark\">\n            <div class=\"mkdf-process-line\"><\/div>\n            <div class=\"mkdf-process-circle\">3<\/div>\n        <\/div>\n    <\/div>\n\t<div class=\"mkdf-pi-content\">\n\t\t\t\t\t<h3 class=\"mkdf-pi-title\" >Umweltschutz<\/h3>\n\t\t\t\t\t\t\t<p class=\"mkdf-pi-text\" >Abfallprodukte der Mineral\u00f6lindustrie sind nicht biologisch abbaubar und belasten unsere Umwelt. Biologische Rohstoffe der Naturkosmetik k\u00f6nnen optimal abgebaut werden. Bei Naturkosmetik wird au\u00dferdem, wenn m\u00f6glich, auf Verpackung verzichtet bzw. auf umweltschonende Verpackung Wert gelegt. Immer nach dem Prinzip: So wenig Plastik wie m\u00f6glich - so viel wie n\u00f6tig. <\/p>\n\t\t\t<\/div>\n<\/div><div class=\"mkdf-process-item \" >\n    <div class=\"mkdf-mark-horizontal-holder\">\n        <div class=\"mkdf-process-mark\">\n            <div class=\"mkdf-process-line\"><\/div>\n            <div class=\"mkdf-process-circle\">4<\/div>\n        <\/div>\n    <\/div>\n\t<div class=\"mkdf-pi-content\">\n\t\t\t\t\t<h3 class=\"mkdf-pi-title\" >Allergien vorbeugen<\/h3>\n\t\t\t\t\t\t\t<p class=\"mkdf-pi-text\" >Die Haut ist unser gr\u00f6\u00dftes Organ und nimmt verschiedenste Stoffe, Substanzen und Partikel auf. Herk\u00f6mmliche Kosmetikprodukte enthalten meist Inhaltsstoffe wie synthetische Farb-, Duft- und Konservierungsstoffe, welche auf unserer Haut Allergien und andere Krankheiten ausl\u00f6sen k\u00f6nnen. Naturkosmetik verzichtet auf diese synthetischen Inhaltsstoffe und ist somit vertr\u00e4glicher f\u00fcr die Haut und besser f\u00fcr Allergiker geeignet.<\/p>\n\t\t\t<\/div>\n<\/div><div class=\"mkdf-process-item \" >\n    <div class=\"mkdf-mark-horizontal-holder\">\n        <div class=\"mkdf-process-mark\">\n            <div class=\"mkdf-process-line\"><\/div>\n            <div class=\"mkdf-process-circle\">5<\/div>\n        <\/div>\n    <\/div>\n\t<div class=\"mkdf-pi-content\">\n\t\t\t\t\t<h3 class=\"mkdf-pi-title\" >nat\u00fcrlich, gesund, sch\u00f6n<\/h3>\n\t\t\t\t\t\t\t<p class=\"mkdf-pi-text\" >Die Kr\u00e4fte der Natur schenken uns Wohlbefinden und Heilung und bringen unsere Haut in ihr nat\u00fcrliches Gleichgewicht. Benutzt man normales Make-Up, bemerkt man schnell den \u201cMaskeneffekt\u201d. Es f\u00fchlt sich so an, als k\u00f6nnte die Haut unter all den Schichten, die man aufgetragen hat, nicht mehr richtig atmen. Je nach Hauttyp bietet die Naturkosmetik auch hier Vorteile. Die nat\u00fcrlichen Inhaltsstoffe bewirken einen frischeren und leichteren Look.<\/p>\n\t\t\t<\/div>\n<\/div>\t<\/div>\n<\/div>[\/vc_column][\/vc_row][vc_row content_placement=&#8220;middle&#8220; content_text_aligment=&#8220;center&#8220; css=&#8220;.vc_custom_1515583518098{padding-bottom: 3% !important;}&#8220;][vc_column]<a itemprop=\"url\" href=\"\/behandlungen-preise\/\" target=\"_self\"  class=\"mkdf-btn mkdf-btn-medium mkdf-btn-solid mkdf-btn-outline-border\"  >\n    <span class=\"mkdf-btn-text\">Behandlungen &amp; Preise<\/span>\n    \t    <span class=\"mkdf-btn-borders-holder\">\n        <span class=\"mkdf-btn-borders mkdf-border1\"><\/span>\n        <span class=\"mkdf-btn-borders mkdf-border2\"><\/span>\n        <span class=\"mkdf-btn-borders mkdf-border3\"><\/span>\n        <span class=\"mkdf-btn-borders mkdf-border4\"><\/span>\n    <\/span>\n    <\/a>[\/vc_column][\/vc_row][vc_row][vc_column][vc_separator][\/vc_column][\/vc_row][vc_row css=&#8220;.vc_custom_1514220740729{padding-top: 3% !important;padding-bottom: 3% !important;}&#8220;][vc_column width=&#8220;1\/2&#8243;]<div class=\"mkdf-elements-holder   mkdf-one-column  mkdf-responsive-mode-768 \" ><div class=\"mkdf-eh-item    \"  data-item-class=\"mkdf-eh-custom-3836\">\n\t\t<div class=\"mkdf-eh-item-inner\">\n\t\t<div class=\"mkdf-eh-item-content mkdf-eh-custom-3836\" >\n\t\t\t<div class=\"mkdf-section-title-holder  mkdf-st-standard mkdf-st-title-left mkdf-st-normal-space \" style=\"text-align: center\">\n\t<div class=\"mkdf-st-inner\">\n\t\t\n\t\t\t\t\t\t\t<h2 class=\"mkdf-st-title\" >\n\t\t\t\tProdukte\t\t\t<\/h2>\n\t\t\t\t\t<\/div>\n<\/div>[vc_column_text]Die hochwertigen reinen Naturkosmetik Produkte der Firma <strong>Dr. Barbara Boos<\/strong>\u00a0aus M\u00fcnchen pflegen im Sinne der Natur und helfen der Haut den nat\u00fcrlichen Schutzmantel aufzubauen und gibt ihr ein lebendig frisches Aussehen.<\/p>\n<p>[\/vc_column_text]\t\t<\/div>\n\t<\/div>\n<\/div><\/div>[\/vc_column][vc_column width=&#8220;1\/4&#8243;][vc_single_image image=&#8220;3255&#8243; img_size=&#8220;medium&#8220; alignment=&#8220;center&#8220; css=&#8220;.vc_custom_1515483645729{padding-top: 5px !important;padding-right: 5px !important;padding-bottom: 5px !important;padding-left: 5px !important;}&#8220;][\/vc_column][\/vc_row]<\/p>\n","protected":false},"excerpt":{"rendered":"<p>[vc_row css=&#8220;.vc_custom_1514287700942{padding-top: 3% !important;padding-right: 5% !important;padding-bottom: 3% !important;padding-left: 5% !important;}&#8220;][vc_column width=&#8220;1\/2&#8243;][\/vc_column][vc_column width=&#8220;1\/2&#8243;][vc_single_image image=&#8220;3243&#8243; img_size=&#8220;full&#8220; css_animation=&#8220;fadeInRight&#8220;][\/vc_column][\/vc_row][vc_row css=&#8220;.vc_custom_1514398319772{padding-bottom: 3% !important;}&#8220; el_id=&#8220;5gruende&#8220;][vc_column][\/vc_column][\/vc_row][vc_row][vc_column][\/vc_column][\/vc_row][vc_row content_placement=&#8220;middle&#8220; content_text_aligment=&#8220;center&#8220; css=&#8220;.vc_custom_1515583518098{padding-bottom: 3% !important;}&#8220;][vc_column][\/vc_column][\/vc_row][vc_row][vc_column][vc_separator][\/vc_column][\/vc_row][vc_row css=&#8220;.vc_custom_1514220740729{padding-top: 3% !important;padding-bottom: 3% !important;}&#8220;][vc_column width=&#8220;1\/2&#8243;][\/vc_column][vc_column width=&#8220;1\/4&#8243;][vc_single_image image=&#8220;3255&#8243; img_size=&#8220;medium&#8220; alignment=&#8220;center&#8220; css=&#8220;.vc_custom_1515483645729{padding-top: 5px !important;padding-right: 5px !important;padding-bottom: 5px [&hellip;]<\/p>\n","protected":false},"author":1,"featured_media":0,"parent":0,"menu_order":0,"comment_status":"closed","ping_status":"closed","template":"","meta":{"footnotes":""},"yoast_head":"<!-- This site is optimized with the Yoast SEO plugin v22.4 - https:\/\/yoast.com\/wordpress\/plugins\/seo\/ -->\n<title>5 Gr\u00fcnde f\u00fcr Naturkosmetik - Naturkosmetik Rosenheim<\/title>\n<meta name=\"description\" content=\"Warum Naturkosmetik? Naturkosmetik ist nicht nur ein Trend sondern eine Lebenseinstellung. Der Weg zur\u00fcck zum Ursprung um der Haut das zu geben was sie wirklich braucht. Die Kr\u00e4fte der Natur schenken uns Wohlbefinden und Heilung und bringen unsere Haut in ihr nat\u00fcrliches Gleichgewicht.\" \/>\n<meta name=\"robots\" content=\"index, follow, max-snippet:-1, max-image-preview:large, max-video-preview:-1\" \/>\n<link rel=\"canonical\" href=\"https:\/\/naturkosmetik-rosenheim.com\/?page_id=3210\" \/>\n<meta property=\"og:locale\" content=\"de_DE\" \/>\n<meta property=\"og:type\" content=\"article\" \/>\n<meta property=\"og:title\" content=\"5 Gr\u00fcnde f\u00fcr Naturkosmetik - Naturkosmetik Rosenheim\" \/>\n<meta property=\"og:description\" content=\"Warum Naturkosmetik? Naturkosmetik ist nicht nur ein Trend sondern eine Lebenseinstellung. Der Weg zur\u00fcck zum Ursprung um der Haut das zu geben was sie wirklich braucht. Die Kr\u00e4fte der Natur schenken uns Wohlbefinden und Heilung und bringen unsere Haut in ihr nat\u00fcrliches Gleichgewicht.\" \/>\n<meta property=\"og:url\" content=\"https:\/\/naturkosmetik-rosenheim.com\/?page_id=3210\" \/>\n<meta property=\"og:site_name\" content=\"Naturkosmetik Rosenheim\" \/>\n<meta property=\"article:publisher\" content=\"https:\/\/www.facebook.com\/NaturkosmetikRosenheim\/\" \/>\n<meta property=\"article:modified_time\" content=\"2026-01-17T10:48:04+00:00\" \/>\n<meta property=\"og:image\" content=\"https:\/\/naturkosmetik-rosenheim.com\/wp-content\/uploads\/2017\/12\/toner-906142_1920.jpg\" \/>\n\t<meta property=\"og:image:width\" content=\"1920\" \/>\n\t<meta property=\"og:image:height\" content=\"1333\" \/>\n\t<meta property=\"og:image:type\" content=\"image\/jpeg\" \/>\n<meta name=\"twitter:card\" content=\"summary_large_image\" \/>\n<meta name=\"twitter:image\" content=\"https:\/\/naturkosmetik-rosenheim.com\/wp-content\/uploads\/2017\/12\/toner-906142_1920.jpg\" \/>\n<meta name=\"twitter:label1\" content=\"Gesch\u00e4tzte Lesezeit\" \/>\n\t<meta name=\"twitter:data1\" content=\"3\u00a0Minuten\" \/>\n<script type=\"application\/ld+json\" class=\"yoast-schema-graph\">{\"@context\":\"https:\/\/schema.org\",\"@graph\":[{\"@type\":\"WebPage\",\"@id\":\"https:\/\/naturkosmetik-rosenheim.com\/?page_id=3210\",\"url\":\"https:\/\/naturkosmetik-rosenheim.com\/?page_id=3210\",\"name\":\"5 Gr\u00fcnde f\u00fcr Naturkosmetik - Naturkosmetik Rosenheim\",\"isPartOf\":{\"@id\":\"https:\/\/naturkosmetik-rosenheim.com\/#website\"},\"datePublished\":\"2017-12-22T12:46:33+00:00\",\"dateModified\":\"2026-01-17T10:48:04+00:00\",\"description\":\"Warum Naturkosmetik? Naturkosmetik ist nicht nur ein Trend sondern eine Lebenseinstellung. Der Weg zur\u00fcck zum Ursprung um der Haut das zu geben was sie wirklich braucht. Die Kr\u00e4fte der Natur schenken uns Wohlbefinden und Heilung und bringen unsere Haut in ihr nat\u00fcrliches Gleichgewicht.\",\"breadcrumb\":{\"@id\":\"https:\/\/naturkosmetik-rosenheim.com\/?page_id=3210#breadcrumb\"},\"inLanguage\":\"de\",\"potentialAction\":[{\"@type\":\"ReadAction\",\"target\":[\"https:\/\/naturkosmetik-rosenheim.com\/?page_id=3210\"]}]},{\"@type\":\"BreadcrumbList\",\"@id\":\"https:\/\/naturkosmetik-rosenheim.com\/?page_id=3210#breadcrumb\",\"itemListElement\":[{\"@type\":\"ListItem\",\"position\":1,\"name\":\"Home\",\"item\":\"https:\/\/naturkosmetik-rosenheim.com\/\"},{\"@type\":\"ListItem\",\"position\":2,\"name\":\"Naturkosmetik\"}]},{\"@type\":\"WebSite\",\"@id\":\"https:\/\/naturkosmetik-rosenheim.com\/#website\",\"url\":\"https:\/\/naturkosmetik-rosenheim.com\/\",\"name\":\"Naturkosmetik Rosenheim\",\"description\":\"nat\u00fcrlich, gesund, sch\u00f6n\",\"publisher\":{\"@id\":\"https:\/\/naturkosmetik-rosenheim.com\/#organization\"},\"potentialAction\":[{\"@type\":\"SearchAction\",\"target\":{\"@type\":\"EntryPoint\",\"urlTemplate\":\"https:\/\/naturkosmetik-rosenheim.com\/?s={search_term_string}\"},\"query-input\":\"required name=search_term_string\"}],\"inLanguage\":\"de\"},{\"@type\":\"Organization\",\"@id\":\"https:\/\/naturkosmetik-rosenheim.com\/#organization\",\"name\":\"Naturkosmetik Rosenheim\",\"url\":\"https:\/\/naturkosmetik-rosenheim.com\/\",\"logo\":{\"@type\":\"ImageObject\",\"inLanguage\":\"de\",\"@id\":\"https:\/\/naturkosmetik-rosenheim.com\/#\/schema\/logo\/image\/\",\"url\":\"https:\/\/naturkosmetik-rosenheim.com\/wp-content\/uploads\/2017\/09\/nk-ro-logo.png\",\"contentUrl\":\"https:\/\/naturkosmetik-rosenheim.com\/wp-content\/uploads\/2017\/09\/nk-ro-logo.png\",\"width\":500,\"height\":505,\"caption\":\"Naturkosmetik Rosenheim\"},\"image\":{\"@id\":\"https:\/\/naturkosmetik-rosenheim.com\/#\/schema\/logo\/image\/\"},\"sameAs\":[\"https:\/\/www.facebook.com\/NaturkosmetikRosenheim\/\",\"https:\/\/www.instagram.com\/naturkosmetikrosenheim\/\"]}]}<\/script>\n<!-- \/ Yoast SEO plugin. -->","yoast_head_json":{"title":"5 Gr\u00fcnde f\u00fcr Naturkosmetik - Naturkosmetik Rosenheim","description":"Warum Naturkosmetik? Naturkosmetik ist nicht nur ein Trend sondern eine Lebenseinstellung. Der Weg zur\u00fcck zum Ursprung um der Haut das zu geben was sie wirklich braucht. Die Kr\u00e4fte der Natur schenken uns Wohlbefinden und Heilung und bringen unsere Haut in ihr nat\u00fcrliches Gleichgewicht.","robots":{"index":"index","follow":"follow","max-snippet":"max-snippet:-1","max-image-preview":"max-image-preview:large","max-video-preview":"max-video-preview:-1"},"canonical":"https:\/\/naturkosmetik-rosenheim.com\/?page_id=3210","og_locale":"de_DE","og_type":"article","og_title":"5 Gr\u00fcnde f\u00fcr Naturkosmetik - Naturkosmetik Rosenheim","og_description":"Warum Naturkosmetik? Naturkosmetik ist nicht nur ein Trend sondern eine Lebenseinstellung. Der Weg zur\u00fcck zum Ursprung um der Haut das zu geben was sie wirklich braucht. Die Kr\u00e4fte der Natur schenken uns Wohlbefinden und Heilung und bringen unsere Haut in ihr nat\u00fcrliches Gleichgewicht.","og_url":"https:\/\/naturkosmetik-rosenheim.com\/?page_id=3210","og_site_name":"Naturkosmetik Rosenheim","article_publisher":"https:\/\/www.facebook.com\/NaturkosmetikRosenheim\/","article_modified_time":"2026-01-17T10:48:04+00:00","og_image":[{"width":1920,"height":1333,"url":"https:\/\/naturkosmetik-rosenheim.com\/wp-content\/uploads\/2017\/12\/toner-906142_1920.jpg","type":"image\/jpeg"}],"twitter_card":"summary_large_image","twitter_image":"https:\/\/naturkosmetik-rosenheim.com\/wp-content\/uploads\/2017\/12\/toner-906142_1920.jpg","twitter_misc":{"Gesch\u00e4tzte Lesezeit":"3\u00a0Minuten"},"schema":{"@context":"https:\/\/schema.org","@graph":[{"@type":"WebPage","@id":"https:\/\/naturkosmetik-rosenheim.com\/?page_id=3210","url":"https:\/\/naturkosmetik-rosenheim.com\/?page_id=3210","name":"5 Gr\u00fcnde f\u00fcr Naturkosmetik - Naturkosmetik Rosenheim","isPartOf":{"@id":"https:\/\/naturkosmetik-rosenheim.com\/#website"},"datePublished":"2017-12-22T12:46:33+00:00","dateModified":"2026-01-17T10:48:04+00:00","description":"Warum Naturkosmetik? Naturkosmetik ist nicht nur ein Trend sondern eine Lebenseinstellung. Der Weg zur\u00fcck zum Ursprung um der Haut das zu geben was sie wirklich braucht. Die Kr\u00e4fte der Natur schenken uns Wohlbefinden und Heilung und bringen unsere Haut in ihr nat\u00fcrliches Gleichgewicht.","breadcrumb":{"@id":"https:\/\/naturkosmetik-rosenheim.com\/?page_id=3210#breadcrumb"},"inLanguage":"de","potentialAction":[{"@type":"ReadAction","target":["https:\/\/naturkosmetik-rosenheim.com\/?page_id=3210"]}]},{"@type":"BreadcrumbList","@id":"https:\/\/naturkosmetik-rosenheim.com\/?page_id=3210#breadcrumb","itemListElement":[{"@type":"ListItem","position":1,"name":"Home","item":"https:\/\/naturkosmetik-rosenheim.com\/"},{"@type":"ListItem","position":2,"name":"Naturkosmetik"}]},{"@type":"WebSite","@id":"https:\/\/naturkosmetik-rosenheim.com\/#website","url":"https:\/\/naturkosmetik-rosenheim.com\/","name":"Naturkosmetik Rosenheim","description":"nat\u00fcrlich, gesund, sch\u00f6n","publisher":{"@id":"https:\/\/naturkosmetik-rosenheim.com\/#organization"},"potentialAction":[{"@type":"SearchAction","target":{"@type":"EntryPoint","urlTemplate":"https:\/\/naturkosmetik-rosenheim.com\/?s={search_term_string}"},"query-input":"required name=search_term_string"}],"inLanguage":"de"},{"@type":"Organization","@id":"https:\/\/naturkosmetik-rosenheim.com\/#organization","name":"Naturkosmetik Rosenheim","url":"https:\/\/naturkosmetik-rosenheim.com\/","logo":{"@type":"ImageObject","inLanguage":"de","@id":"https:\/\/naturkosmetik-rosenheim.com\/#\/schema\/logo\/image\/","url":"https:\/\/naturkosmetik-rosenheim.com\/wp-content\/uploads\/2017\/09\/nk-ro-logo.png","contentUrl":"https:\/\/naturkosmetik-rosenheim.com\/wp-content\/uploads\/2017\/09\/nk-ro-logo.png","width":500,"height":505,"caption":"Naturkosmetik Rosenheim"},"image":{"@id":"https:\/\/naturkosmetik-rosenheim.com\/#\/schema\/logo\/image\/"},"sameAs":["https:\/\/www.facebook.com\/NaturkosmetikRosenheim\/","https:\/\/www.instagram.com\/naturkosmetikrosenheim\/"]}]}},"_links":{"self":[{"href":"https:\/\/naturkosmetik-rosenheim.com\/index.php?rest_route=\/wp\/v2\/pages\/3210"}],"collection":[{"href":"https:\/\/naturkosmetik-rosenheim.com\/index.php?rest_route=\/wp\/v2\/pages"}],"about":[{"href":"https:\/\/naturkosmetik-rosenheim.com\/index.php?rest_route=\/wp\/v2\/types\/page"}],"author":[{"embeddable":true,"href":"https:\/\/naturkosmetik-rosenheim.com\/index.php?rest_route=\/wp\/v2\/users\/1"}],"replies":[{"embeddable":true,"href":"https:\/\/naturkosmetik-rosenheim.com\/index.php?rest_route=%2Fwp%2Fv2%2Fcomments&post=3210"}],"version-history":[{"count":63,"href":"https:\/\/naturkosmetik-rosenheim.com\/index.php?rest_route=\/wp\/v2\/pages\/3210\/revisions"}],"predecessor-version":[{"id":10914,"href":"https:\/\/naturkosmetik-rosenheim.com\/index.php?rest_route=\/wp\/v2\/pages\/3210\/revisions\/10914"}],"wp:attachment":[{"href":"https:\/\/naturkosmetik-rosenheim.com\/index.php?rest_route=%2Fwp%2Fv2%2Fmedia&parent=3210"}],"curies":[{"name":"wp","href":"https:\/\/api.w.org\/{rel}","templated":true}]}}